{"id":521,"date":"2024-09-09T17:37:45","date_gmt":"2024-09-09T09:37:45","guid":{"rendered":"https:\/\/cicserver.com\/?page_id=521"},"modified":"2025-02-06T16:10:41","modified_gmt":"2025-02-06T08:10:41","slug":"uber-uns","status":"publish","type":"page","link":"https:\/\/cicserver.com\/de\/uber-uns\/","title":{"rendered":"\u00dcBER UNS"},"content":{"rendered":"<div data-elementor-type=\"wp-page\" data-elementor-id=\"521\" class=\"elementor elementor-521\" data-elementor-post-type=\"page\">\n\t\t\t\t<div data-particle_enable=\"false\" data-particle-mobile-disabled=\"false\" class=\"elementor-element elementor-element-a954324 e-flex e-con-boxed e-con e-parent\" data-id=\"a954324\" data-element_type=\"container\" data-settings=\"{&quot;background_background&quot;:&quot;classic&quot;,&quot;_ha_eqh_enable&quot;:false}\">\n\t\t\t\t\t<div class=\"e-con-inner\">\n\t\t<div data-particle_enable=\"false\" data-particle-mobile-disabled=\"false\" class=\"elementor-element elementor-element-d836e48 e-con-full e-flex e-con e-child\" data-id=\"d836e48\" data-element_type=\"container\" data-settings=\"{&quot;_ha_eqh_enable&quot;:false}\">\n\t\t\t\t<div class=\"elementor-element elementor-element-f69ad62 elementor-widget elementor-widget-spacer\" data-id=\"f69ad62\" data-element_type=\"widget\" data-widget_type=\"spacer.default\">\n\t\t\t\t<div class=\"elementor-widget-container\">\n\t\t\t\t\t<div class=\"elementor-spacer\">\n\t\t\t<div class=\"elementor-spacer-inner\"><\/div>\n\t\t<\/div>\n\t\t\t\t<\/div>\n\t\t\t\t<\/div>\n\t\t\t\t<\/div>\n\t\t\t\t\t<\/div>\n\t\t\t\t<\/div>\n\t\t<div data-particle_enable=\"false\" data-particle-mobile-disabled=\"false\" class=\"elementor-element elementor-element-5cb2fe1 e-flex e-con-boxed e-con e-parent\" data-id=\"5cb2fe1\" data-element_type=\"container\" data-settings=\"{&quot;_ha_eqh_enable&quot;:false}\">\n\t\t\t\t\t<div class=\"e-con-inner\">\n\t\t<div data-particle_enable=\"false\" data-particle-mobile-disabled=\"false\" class=\"elementor-element elementor-element-83ec150 e-con-full e-flex e-con e-child\" data-id=\"83ec150\" data-element_type=\"container\" data-settings=\"{&quot;_ha_eqh_enable&quot;:false}\">\n\t\t<div data-particle_enable=\"false\" data-particle-mobile-disabled=\"false\" class=\"elementor-element elementor-element-14915f6 e-con-full e-flex e-con e-child\" data-id=\"14915f6\" data-element_type=\"container\" data-settings=\"{&quot;_ha_eqh_enable&quot;:false}\">\n\t\t\t\t<div class=\"elementor-element elementor-element-f9f2622 elementor-widget elementor-widget-spacer\" data-id=\"f9f2622\" data-element_type=\"widget\" data-widget_type=\"spacer.default\">\n\t\t\t\t<div class=\"elementor-widget-container\">\n\t\t\t\t\t<div class=\"elementor-spacer\">\n\t\t\t<div class=\"elementor-spacer-inner\"><\/div>\n\t\t<\/div>\n\t\t\t\t<\/div>\n\t\t\t\t<\/div>\n\t\t\t\t<div class=\"elementor-element elementor-element-13f1779 elementor-widget-mobile__width-initial elementor-widget elementor-widget-image\" data-id=\"13f1779\" data-element_type=\"widget\" data-widget_type=\"image.default\">\n\t\t\t\t<div class=\"elementor-widget-container\">\n\t\t\t\t\t\t\t\t\t\t\t\t\t<img fetchpriority=\"high\" decoding=\"async\" width=\"1300\" height=\"975\" src=\"https:\/\/cicserver.com\/wp-content\/uploads\/2024\/09\/178.jpg\" class=\"attachment-2048x2048 size-2048x2048 wp-image-1292 wvs-archive-product-image\" alt=\"\" srcset=\"https:\/\/cicserver.com\/wp-content\/uploads\/2024\/09\/178.jpg 1300w, https:\/\/cicserver.com\/wp-content\/uploads\/2024\/09\/178-300x225.jpg 300w, https:\/\/cicserver.com\/wp-content\/uploads\/2024\/09\/178-1024x768.jpg 1024w, https:\/\/cicserver.com\/wp-content\/uploads\/2024\/09\/178-768x576.jpg 768w, https:\/\/cicserver.com\/wp-content\/uploads\/2024\/09\/178-600x450.jpg 600w\" sizes=\"(max-width: 1300px) 100vw, 1300px\" \/>\t\t\t\t\t\t\t\t\t\t\t\t\t<\/div>\n\t\t\t\t<\/div>\n\t\t\t\t<\/div>\n\t\t\t\t<\/div>\n\t\t<div data-particle_enable=\"false\" data-particle-mobile-disabled=\"false\" class=\"elementor-element elementor-element-98c73ef e-con-full e-flex e-con e-child\" data-id=\"98c73ef\" data-element_type=\"container\" data-settings=\"{&quot;_ha_eqh_enable&quot;:false}\">\n\t\t<div data-particle_enable=\"false\" data-particle-mobile-disabled=\"false\" class=\"elementor-element elementor-element-f02bf38 e-con-full e-flex e-con e-child\" data-id=\"f02bf38\" data-element_type=\"container\" data-settings=\"{&quot;_ha_eqh_enable&quot;:false}\">\n\t\t\t\t<div class=\"elementor-element elementor-element-0ca0957 elementor-widget elementor-widget-heading\" data-id=\"0ca0957\" data-element_type=\"widget\" data-widget_type=\"heading.default\">\n\t\t\t\t<div class=\"elementor-widget-container\">\n\t\t\t<h2 class=\"elementor-heading-title elementor-size-default\">Wer sind wir?<\/h2>\t\t<\/div>\n\t\t\t\t<\/div>\n\t\t\t\t<\/div>\n\t\t\t\t<div class=\"elementor-element elementor-element-e865dc4 elementor-widget elementor-widget-text-editor\" data-id=\"e865dc4\" data-element_type=\"widget\" data-widget_type=\"text-editor.default\">\n\t\t\t\t<div class=\"elementor-widget-container\">\n\t\t\t\t\t\t\t<p>CAICHIPS PTE. LTD. wurde 2013 gegr\u00fcndet und ist auf neue und gebrauchte Server sowie Upgrades spezialisiert. Wir konzentrieren uns insbesondere auf kundenspezifische Server, Speicher und Switches von Marken wie Dell, Cisco und anderen. CIC ist stolz darauf, Ihr System im Voraus testen und aktualisieren zu k\u00f6nnen, einen Schritt weiter zu gehen, schnell zu liefern und Anrufe zu beantworten. Wir verstehen, dass Unternehmen sich auf ihr Kerngesch\u00e4ft konzentrieren m\u00f6chten, deshalb machen wir alles schnell und einfach. Wir helfen Ihnen dabei, die richtige L\u00f6sung f\u00fcr Ihr Unternehmen zu finden, damit Sie Ihre t\u00e4glichen Aufgaben vollst\u00e4ndig erf\u00fcllen k\u00f6nnen. Bitte kontaktieren Sie uns, wenn Sie Hilfe beim Kauf Ihres n\u00e4chsten <a href=\"https:\/\/cicserver.com\/de\/openai-signs-new-4bn-cloud-deal-with-coreweave\/\">Server<\/a>Mit mehr als einem Jahrzehnt Erfahrung im Kundenservice verstehen wir die Anliegen unserer Kunden in Bezug auf Preis, Liefergeschwindigkeit und effektive Kommunikation. Als Ihr vertrauensw\u00fcrdiger Partner versprechen wir Ihnen einen hervorragenden Kundendienst, damit Sie sich beim Kauf keine Sorgen machen m\u00fcssen. Ganz gleich, ob Sie ein Unternehmen oder eine Privatperson sind, wir sind bestrebt, Ihre IT-Anforderungen zu erf\u00fcllen.<br \/>Wir unterst\u00fctzen Sie w\u00e4hrend des gesamten Lebenszyklus. Wenn Sie einen neuen oder gebrauchten Server ben\u00f6tigen, k\u00f6nnen wir Ihnen helfen. Wenn Sie Ersatzteile oder Upgrades f\u00fcr einen Server ben\u00f6tigen, dessen Garantie abgelaufen ist, bieten wir Ihnen punktuelle L\u00f6sungen, insbesondere f\u00fcr Switches, Server, SSDs, CPUs, RAIDs, Schienen, Netzteile und Netzwerkger\u00e4te. Wir freuen uns auf die Zusammenarbeit mit Ihnen.<\/p>\t\t\t\t\t\t<\/div>\n\t\t\t\t<\/div>\n\t\t\t\t<\/div>\n\t\t\t\t\t<\/div>\n\t\t\t\t<\/div>\n\t\t<div data-particle_enable=\"false\" data-particle-mobile-disabled=\"false\" class=\"elementor-element elementor-element-81c7da5 e-flex e-con-boxed e-con e-parent\" data-id=\"81c7da5\" data-element_type=\"container\" data-settings=\"{&quot;_ha_eqh_enable&quot;:false}\">\n\t\t\t\t\t<div class=\"e-con-inner\">\n\t\t<div data-particle_enable=\"false\" data-particle-mobile-disabled=\"false\" class=\"elementor-element elementor-element-fbd6953 e-con-full e-flex e-con e-child\" data-id=\"fbd6953\" data-element_type=\"container\" data-settings=\"{&quot;_ha_eqh_enable&quot;:false}\">\n\t\t\t\t<div class=\"elementor-element elementor-element-3043b20 elementor-hidden-mobile elementor-widget elementor-widget-spacer\" data-id=\"3043b20\" data-element_type=\"widget\" data-widget_type=\"spacer.default\">\n\t\t\t\t<div class=\"elementor-widget-container\">\n\t\t\t\t\t<div class=\"elementor-spacer\">\n\t\t\t<div class=\"elementor-spacer-inner\"><\/div>\n\t\t<\/div>\n\t\t\t\t<\/div>\n\t\t\t\t<\/div>\n\t\t\t\t<div class=\"elementor-element elementor-element-2c8628d elementor-widget elementor-widget-heading\" data-id=\"2c8628d\" data-element_type=\"widget\" data-widget_type=\"heading.default\">\n\t\t\t\t<div class=\"elementor-widget-container\">\n\t\t\t<h2 class=\"elementor-heading-title elementor-size-default\">Was machen wir?<\/h2>\t\t<\/div>\n\t\t\t\t<\/div>\n\t\t\t\t<div class=\"elementor-element elementor-element-b170b97 elementor-widget elementor-widget-text-editor\" data-id=\"b170b97\" data-element_type=\"widget\" data-widget_type=\"text-editor.default\">\n\t\t\t\t<div class=\"elementor-widget-container\">\n\t\t\t\t\t\t\t<p>CIC bietet neue und general\u00fcberholte Server und Netzwerkger\u00e4te an. Wir kombinieren niedrige Preise, Qualit\u00e4t und au\u00dfergew\u00f6hnlichen Service, um IT-Teams in Unternehmen eine einzigartige M\u00f6glichkeit zum Kostensparen zu bieten. CIC ist auf neue und general\u00fcberholte Server und Netzwerkger\u00e4te spezialisiert.<br \/>Wir f\u00fchren Marken wie Dell, Xeon, EPYC, Huawei, H3C, Juniper und Cisco. CIC bietet Ihnen die Ausr\u00fcstung, die Sie ben\u00f6tigen (Ausr\u00fcstung, die mit Ihren aktuellen Systemen kompatibel ist) und hilft Ihnen dabei, Geld zu sparen. Und unsere Preise sind niedriger als \u00fcberall sonst auf dem Markt. Einfach gesagt: Wir bieten die beste IT-Ausr\u00fcstung zu den besten Preisen.<\/p>\t\t\t\t\t\t<\/div>\n\t\t\t\t<\/div>\n\t\t\t\t<\/div>\n\t\t<div data-particle_enable=\"false\" data-particle-mobile-disabled=\"false\" class=\"elementor-element elementor-element-5585a1d e-con-full e-flex e-con e-child\" data-id=\"5585a1d\" data-element_type=\"container\" data-settings=\"{&quot;_ha_eqh_enable&quot;:false}\">\n\t\t\t\t<div class=\"elementor-element elementor-element-2ec9d84 elementor-widget elementor-widget-image\" data-id=\"2ec9d84\" data-element_type=\"widget\" data-widget_type=\"image.default\">\n\t\t\t\t<div class=\"elementor-widget-container\">\n\t\t\t\t\t\t\t\t\t\t\t\t\t<img decoding=\"async\" width=\"492\" height=\"331\" src=\"https:\/\/cicserver.com\/wp-content\/uploads\/2024\/09\/10001-3.png\" class=\"attachment-2048x2048 size-2048x2048 wp-image-548 wvs-archive-product-image\" alt=\"\" srcset=\"https:\/\/cicserver.com\/wp-content\/uploads\/2024\/09\/10001-3.png 492w, https:\/\/cicserver.com\/wp-content\/uploads\/2024\/09\/10001-3-300x202.png 300w\" sizes=\"(max-width: 492px) 100vw, 492px\" \/>\t\t\t\t\t\t\t\t\t\t\t\t\t<\/div>\n\t\t\t\t<\/div>\n\t\t\t\t<\/div>\n\t\t\t\t\t<\/div>\n\t\t\t\t<\/div>\n\t\t<div data-particle_enable=\"false\" data-particle-mobile-disabled=\"false\" class=\"elementor-element elementor-element-907030a e-flex e-con-boxed e-con e-parent\" data-id=\"907030a\" data-element_type=\"container\" data-settings=\"{&quot;_ha_eqh_enable&quot;:false}\">\n\t\t\t\t\t<div class=\"e-con-inner\">\n\t\t<div data-particle_enable=\"false\" data-particle-mobile-disabled=\"false\" class=\"elementor-element elementor-element-0e42e3e e-con-full e-flex e-con e-child\" data-id=\"0e42e3e\" data-element_type=\"container\" data-settings=\"{&quot;_ha_eqh_enable&quot;:false}\">\n\t\t\t\t<\/div>\n\t\t\t\t\t<\/div>\n\t\t\t\t<\/div>\n\t\t<div data-particle_enable=\"false\" data-particle-mobile-disabled=\"false\" class=\"elementor-element elementor-element-f2fcede e-flex e-con-boxed e-con e-parent\" data-id=\"f2fcede\" data-element_type=\"container\" data-settings=\"{&quot;_ha_eqh_enable&quot;:false}\">\n\t\t\t\t\t<div class=\"e-con-inner\">\n\t\t<div data-particle_enable=\"false\" data-particle-mobile-disabled=\"false\" class=\"elementor-element elementor-element-bb150ce e-con-full e-flex e-con e-child\" data-id=\"bb150ce\" data-element_type=\"container\" data-settings=\"{&quot;_ha_eqh_enable&quot;:false}\">\n\t\t\t\t<div class=\"elementor-element elementor-element-f478a18 elementor-widget elementor-widget-heading\" data-id=\"f478a18\" data-element_type=\"widget\" data-widget_type=\"heading.default\">\n\t\t\t\t<div class=\"elementor-widget-container\">\n\t\t\t<h2 class=\"elementor-heading-title elementor-size-default\">Unsere Vision<\/h2>\t\t<\/div>\n\t\t\t\t<\/div>\n\t\t<div data-particle_enable=\"false\" data-particle-mobile-disabled=\"false\" class=\"elementor-element elementor-element-e0c514a e-con-full e-flex e-con e-child\" data-id=\"e0c514a\" data-element_type=\"container\" data-settings=\"{&quot;_ha_eqh_enable&quot;:false}\">\n\t\t\t\t<div class=\"elementor-element elementor-element-1186c18 elementor-widget elementor-widget-text-editor\" data-id=\"1186c18\" data-element_type=\"widget\" data-widget_type=\"text-editor.default\">\n\t\t\t\t<div class=\"elementor-widget-container\">\n\t\t\t\t\t\t\t<p>Wo auch immer Sie sind, CIC begleitet Sie auf jedem Schritt Ihres Weges. Wir sind stets an der Spitze der Innovation und erweitern die Grenzen der Technologie, um das, was Sie einst f\u00fcr unm\u00f6glich gehalten haben, m\u00f6glich zu machen.<\/p>\t\t\t\t\t\t<\/div>\n\t\t\t\t<\/div>\n\t\t\t\t<div class=\"elementor-element elementor-element-8d5ab6f elementor-widget elementor-widget-video\" data-id=\"8d5ab6f\" data-element_type=\"widget\" data-settings=\"{&quot;video_type&quot;:&quot;hosted&quot;,&quot;controls&quot;:&quot;yes&quot;}\" data-widget_type=\"video.default\">\n\t\t\t\t<div class=\"elementor-widget-container\">\n\t\t\t\t\t<div class=\"e-hosted-video elementor-wrapper elementor-open-inline\">\n\t\t\t\t\t<video class=\"elementor-video\" src=\"https:\/\/cicserver.com\/wp-content\/uploads\/2024\/09\/Bare-Metal-Server-_-Hosting-Solutions-_-velia.net_-1.mp4\" controls=\"\" preload=\"metadata\" controlslist=\"nodownload\"><\/video>\n\t\t\t\t<\/div>\n\t\t\t\t<\/div>\n\t\t\t\t<\/div>\n\t\t\t\t<\/div>\n\t\t\t\t<\/div>\n\t\t\t\t\t<\/div>\n\t\t\t\t<\/div>\n\t\t\t\t<\/div>","protected":false},"excerpt":{"rendered":"<p>Who we are? Founded in 2013, CAICHIPS PTE. LTD. specializes in new and used servers and upgrades. We are particularly focused on custom servers, memory, and switches from brands such as Dell, Cisco, and more. CIC prides itself on being able to test and update your system in advance, go the extra mile, ship quickly, [&hellip;]<\/p>","protected":false},"author":2,"featured_media":0,"parent":0,"menu_order":0,"comment_status":"closed","ping_status":"closed","template":"","meta":{"_seopress_robots_primary_cat":"","_seopress_titles_title":"%%post_title%% %%sep%% %%sitetitle%%","_seopress_titles_desc":"","_seopress_robots_index":"","footnotes":""},"class_list":["post-521","page","type-page","status-publish"],"_links":{"self":[{"href":"https:\/\/cicserver.com\/de\/wp-json\/wp\/v2\/pages\/521","targetHints":{"allow":["GET"]}}],"collection":[{"href":"https:\/\/cicserver.com\/de\/wp-json\/wp\/v2\/pages"}],"about":[{"href":"https:\/\/cicserver.com\/de\/wp-json\/wp\/v2\/types\/page"}],"author":[{"embeddable":true,"href":"https:\/\/cicserver.com\/de\/wp-json\/wp\/v2\/users\/2"}],"replies":[{"embeddable":true,"href":"https:\/\/cicserver.com\/de\/wp-json\/wp\/v2\/comments?post=521"}],"version-history":[{"count":68,"href":"https:\/\/cicserver.com\/de\/wp-json\/wp\/v2\/pages\/521\/revisions"}],"predecessor-version":[{"id":4885,"href":"https:\/\/cicserver.com\/de\/wp-json\/wp\/v2\/pages\/521\/revisions\/4885"}],"wp:attachment":[{"href":"https:\/\/cicserver.com\/de\/wp-json\/wp\/v2\/media?parent=521"}],"curies":[{"name":"wp","href":"https:\/\/api.w.org\/{rel}","templated":true}]}}