{"id":1204,"date":"2024-09-19T13:44:45","date_gmt":"2024-09-19T05:44:45","guid":{"rendered":"https:\/\/cicserver.com\/?post_type=product&#038;p=1204"},"modified":"2024-09-19T13:44:45","modified_gmt":"2024-09-19T05:44:45","slug":"dell-emc-poweredge-r960-rack-server","status":"publish","type":"product","link":"https:\/\/cicserver.com\/de\/produkt-2\/dell-emc-poweredge-r960-rack-server\/","title":{"rendered":"Dell EMC PowerEdge R960 Rack-Server"},"content":{"rendered":"<table class=\"aligncenter\" width=\"898\">\n<tbody>\n<tr>\n<td width=\"190\">Prozessor<\/td>\n<td width=\"708\">Bis zu vier Intel Xeon Scalable-Prozessoren der 4. Generation mit bis zu 60 Kernen pro Prozessor und mit optionalem Intel\u00ae QuickAssist<br \/>\nTechnologie<\/td>\n<\/tr>\n<tr>\n<td>Speicher<\/td>\n<td width=\"708\">- 64 DDR5-DIMM-Steckpl\u00e4tze, unterst\u00fctzt RDIMM mit maximal 16 TB, Geschwindigkeiten bis zu 4800 MT\/s<br \/>\n- Unterst\u00fctzt nur registrierte ECC DDR5 DIMMs<\/td>\n<\/tr>\n<tr>\n<td>Speicher-Controller<\/td>\n<td width=\"708\">- Interne Steuerger\u00e4te: PERC H965i, PERC H755, PERC H355, HBA355i, HBA465ii<br \/>\n- Interner Start: Bootoptimiertes Speichersubsystem (BOSS-N1): HWRAID 2 x M.2 NVMe SSDs oder USB<br \/>\n- Externer HBA (nicht-RAID): HBA355e, HBA465e<br \/>\n- Software-RAID: S160<\/td>\n<\/tr>\n<tr>\n<td>Laufwerkssch\u00e4chte<\/td>\n<td width=\"708\">Vordere Buchten:<br \/>\n- Bis zu 8 x 2,5-Zoll-SAS\/SATA (HDD\/SSD) max. 122,88 TB<br \/>\n- Bis zu 16 x 2,5-Zoll SAS\/SATA (HDD\/SSD) max. 245,76 TB<br \/>\n- Bis zu 24 x 2,5-Zoll-NVMe (SSD) max. 368,64 TB<br \/>\n- Bis zu 16 x 2,5-Zoll SAS\/SATA (HDD\/SSD) + 8 x 2,5-Zoll NVMe (SSD) max. 368,64 TB<br \/>\n- Bis zu 32 x 2,5-Zoll SAS\/SATA (HDD\/SSD) max. 491,52 TB<\/td>\n<\/tr>\n<tr>\n<td>Stromversorgungen<\/td>\n<td width=\"708\">- 1100 W Titanium 100-240 VAC oder 240 HVDC, Hot Swap redundant<br \/>\n- 1400 W Platin 100-240 VAC oder 240 HVDC, Hot Swap redundant<br \/>\n- 1800 W Titanium 200-240 VAC oder 240 HVDC, Hot Swap redundant<br \/>\n- 2400 W Platin 100-240 VAC oder 240 HVDC, Hot Swap redundant<br \/>\n- 2800 W Titanium 200-240 VAC oder 240 HVDC, Hot Swap redundant<br \/>\n- 1100W LVDC -48 - -60 VDC, redundanter Hot-Swap-Betrieb<\/td>\n<\/tr>\n<tr>\n<td>Optionen f\u00fcr die K\u00fchlung<\/td>\n<td width=\"708\">- Luftk\u00fchlung<br \/>\n- Optionale direkte Fl\u00fcssigkeitsk\u00fchlung (DLC)*<br \/>\nHinweis: DLC ist eine Rack-L\u00f6sung und erfordert zum Betrieb Rack-Verteiler und eine K\u00fchlverteilungseinheit (CDU).<\/td>\n<\/tr>\n<tr>\n<td>Fans<\/td>\n<td width=\"708\">- Standard (STD) Ventilatoren<br \/>\n- Bis zu 6 S\u00e4tze (Doppel-L\u00fcftermodul) Hot-Plug-L\u00fcfter<\/td>\n<\/tr>\n<tr>\n<td>Abmessungen<\/td>\n<td width=\"708\">- H\u00f6he - 174,3 mm (6,86 Zoll)<br \/>\n- Breite - 482 mm (18,97 Zoll)<br \/>\n- Tiefe - 883,195 mm (34,77 Zoll) mit L\u00fcnette<br \/>\n869,195 mm (34,22 Zoll) ohne L\u00fcnette<\/td>\n<\/tr>\n<tr>\n<td>Formfaktor<\/td>\n<td width=\"708\">4U-Rack <a href=\"https:\/\/cicserver.com\/de\/openai-signs-new-4bn-cloud-deal-with-coreweave\/\">Server<\/a><\/td>\n<\/tr>\n<tr>\n<td>Eingebettetes Management<\/td>\n<td width=\"708\">- iDRAC9<br \/>\n- iDRAC Direkt<br \/>\n- iDRAC RESTful API mit Redfish<br \/>\n- iDRAC-Dienstleistungsmodul<br \/>\n- Quick Sync 2-Funkmodul<\/td>\n<\/tr>\n<tr>\n<td>L\u00fcnette<\/td>\n<td width=\"708\">Optionale LCD-Blende oder Sicherheitsblende<\/td>\n<\/tr>\n<tr>\n<td>OpenManage Software<\/td>\n<td width=\"708\">- CloudIQ f\u00fcr PowerEdge-Plug-in<br \/>\n- OpenManage Unternehmen<br \/>\n- OpenManage Enterprise-Integration f\u00fcr VMware vCenter<br \/>\n- OpenManage-Integration f\u00fcr Microsoft System Center<br \/>\n- OpenManage-Integration mit Windows Admin Center<br \/>\n- OpenManage Power Manager-Plugin<br \/>\n- OpenManage Service-Plugin<br \/>\n- OpenManage Update Manager-Plugin<\/td>\n<\/tr>\n<tr>\n<td>Mobilit\u00e4t<\/td>\n<td>OpenManage Mobile<\/td>\n<\/tr>\n<tr>\n<td>PCIe<\/td>\n<td width=\"708\">\u00a0Bis zu zw\u00f6lf PCIe-Steckpl\u00e4tze:<br \/>\n- Steckplatz 1: 1 x16 Gen5 volle H\u00f6he, halbe L\u00e4nge oder 1 x16 Gen5 volle H\u00f6he, volle L\u00e4nge<br \/>\n- Steckplatz 2: 1 x16 Gen5 Volle H\u00f6he, halbe L\u00e4nge<br \/>\n- Steckplatz 3: 1 x16 Gen5 Volle H\u00f6he, halbe L\u00e4nge oder 1 x16 Gen5 Volle H\u00f6he, volle L\u00e4nge (doppelte Breite)<br \/>\n- Steckplatz 4: 1 x16 Gen5 Niedrigprofil, halbe L\u00e4nge<br \/>\n- Steckplatz 5: 1 x16 Gen5 Niedrigprofil, halbe L\u00e4nge<br \/>\n- Steckplatz 6: 1 x16 Gen5 Volle H\u00f6he, halbe L\u00e4nge oder 1 x16 Gen5 Volle H\u00f6he, volle L\u00e4nge (doppelte Breite)<br \/>\n- Steckplatz 7: 1 x16 Gen5 Volle H\u00f6he, halbe L\u00e4nge<br \/>\n- Steckplatz 8: 1 x16 Gen5 Volle H\u00f6he, halbe L\u00e4nge oder 1 x16 Gen5 Volle H\u00f6he, volle L\u00e4nge (doppelte Breite)<br \/>\n- Steckplatz 9: 1 x16 Gen5 Niedrigprofil, halbe L\u00e4nge<br \/>\n- Steckplatz 10: 1 x16 Gen5 volle H\u00f6he, halbe L\u00e4nge oder 1 x16 Gen5 volle H\u00f6he, volle L\u00e4nge<br \/>\n- Steckplatz 11: 1 x16 Gen5 Volle H\u00f6he, halbe L\u00e4nge oder 1 x16 Gen5 Volle H\u00f6he, volle L\u00e4nge (doppelte Breite)<br \/>\n- Steckplatz 12: 1 x16 Gen5 Volle H\u00f6he, halbe L\u00e4nge<\/td>\n<\/tr>\n<\/tbody>\n<\/table>","protected":false},"excerpt":{"rendered":"<p>Processor Up to four 4th Generation Intel Xeon Scalable processor with up to 60 cores per processor and with optional Intel\u00ae QuickAssist Technology Memory \u2022 64 DDR5 DIMM slots, supports RDIMM 16 TB max, speeds up to 4800 MT\/s \u2022 Supports registered ECC DDR5 DIMMs only Storage controllers \u2022 Internal Controllers: PERC H965i, PERC H755, [&hellip;]<\/p>","protected":false},"featured_media":1207,"comment_status":"open","ping_status":"closed","template":"","meta":{"_seopress_robots_primary_cat":"","_seopress_titles_title":"","_seopress_titles_desc":"","_seopress_robots_index":""},"product_cat":[26,20],"product_tag":[],"class_list":{"0":"post-1204","1":"product","2":"type-product","3":"status-publish","4":"has-post-thumbnail","6":"product_cat-dell-emc","7":"product_cat-servers","9":"first","10":"instock","11":"shipping-taxable","12":"product-type-simple"},"_links":{"self":[{"href":"https:\/\/cicserver.com\/de\/wp-json\/wp\/v2\/product\/1204","targetHints":{"allow":["GET"]}}],"collection":[{"href":"https:\/\/cicserver.com\/de\/wp-json\/wp\/v2\/product"}],"about":[{"href":"https:\/\/cicserver.com\/de\/wp-json\/wp\/v2\/types\/product"}],"replies":[{"embeddable":true,"href":"https:\/\/cicserver.com\/de\/wp-json\/wp\/v2\/comments?post=1204"}],"wp:featuredmedia":[{"embeddable":true,"href":"https:\/\/cicserver.com\/de\/wp-json\/wp\/v2\/media\/1207"}],"wp:attachment":[{"href":"https:\/\/cicserver.com\/de\/wp-json\/wp\/v2\/media?parent=1204"}],"wp:term":[{"taxonomy":"product_cat","embeddable":true,"href":"https:\/\/cicserver.com\/de\/wp-json\/wp\/v2\/product_cat?post=1204"},{"taxonomy":"product_tag","embeddable":true,"href":"https:\/\/cicserver.com\/de\/wp-json\/wp\/v2\/product_tag?post=1204"}],"curies":[{"name":"wp","href":"https:\/\/api.w.org\/{rel}","templated":true}]}}